{"id":797,"date":"2022-12-16T11:01:31","date_gmt":"2022-12-16T10:01:31","guid":{"rendered":"http:\/\/ash4soil.agr.hr\/?page_id=797"},"modified":"2022-12-21T15:08:10","modified_gmt":"2022-12-21T14:08:10","slug":"operational-group","status":"publish","type":"page","link":"https:\/\/ash4soil.agr.hr\/index.php\/en\/operational-group\/","title":{"rendered":"OPERATIONAL GROUP"},"content":{"rendered":"\n<h2 class=\"wp-block-heading\">Coordinator<\/h2>\n\n\n\n<p class=\"wp-block-paragraph\">University of Zagreb Faculty of the Agriculture, Division of Agroecology: Department of the Soil Amelioration, Department of Plant Nutirtion, Department of General Agronomy, Department of Soil Science, Department of Microbiology, Department of Chemistry<\/p>\n\n\n\n<p class=\"wp-block-paragraph\"><strong>Project leader:<\/strong> Prof. Gabrijel Ondra\u0161ek, PhD<\/p>\n\n\n\n<ul class=\"wp-block-list\">\n<li>Partner 1 \u0110akovo City, Administrative Department for Economy, Agriculture and Tourism, Trg Dr. F. Tu\u0111mana 4, \u0110akovo<\/li>\n\n\n\n<li>Partner 2 Tehnical high school Antuna Horvata, Vijenac kardinala Alojzija Stepinca 11, \u0110akovo<\/li>\n\n\n\n<li>Partner 3 Matricaria, trade for production and services, \u0110akova\u010dka 72, \u0160iroko Polje<\/li>\n\n\n\n<li>Partner 4 OPG Marijan\u010dev, Zagreba\u010dka 10, Gundinci<\/li>\n\n\n\n<li>Partner 5 OPG Ivan Kokanovi\u0107, Zagreba\u010dka 63, Gundinci<\/li>\n\n\n\n<li>Partner 6 OPG Marija Kadi\u0107, Matije Gupca 92, Gundinci <\/li>\n\n\n\n<li>Partner 7 OPG Marija I\u0161asegi, Trnava<\/li>\n<\/ul>\n\n\n\n<p class=\"wp-block-paragraph\"><strong>Associates:<\/strong> Medical Research Institute, METAL-KO, Uni Viridas d.o.o. Babina Greda <\/p>\n","protected":false},"excerpt":{"rendered":"<div class=\"slide-text-bg2\"><span>Coordinator University of Zagreb Faculty of the Agriculture, Division of Agroecology: Department of the Soil Amelioration, Department of Plant Nutirtion, D<\/span><\/div>\n<div class=\"slide-btn-area-sm\"><a href=\"https:\/\/ash4soil.agr.hr\/index.php\/en\/operational-group\/\" class=\"slide-btn-sm\">Pro\u010ditaj vi\u0161e<\/a><\/div>\n","protected":false},"author":1,"featured_media":0,"parent":0,"menu_order":0,"comment_status":"closed","ping_status":"closed","template":"","meta":{"_crdt_document":"","_uag_custom_page_level_css":"","_mi_skip_tracking":false,"_monsterinsights_sitenote_active":false,"_monsterinsights_sitenote_note":"","_monsterinsights_sitenote_category":0,"footnotes":""},"class_list":["post-797","page","type-page","status-publish","hentry"],"yoast_head":"<!-- This site is optimized with the Yoast SEO plugin v27.6 - https:\/\/yoast.com\/product\/yoast-seo-wordpress\/ -->\n<title>OPERATIONAL GROUP - Ash4soiL<\/title>\n<meta name=\"description\" content=\"ash4soil operational group gabrijel ondra\u0161ek faculty of agriculture department of soil amelioration bioash waste\" \/>\n<meta name=\"robots\" content=\"index, follow, max-snippet:-1, max-image-preview:large, max-video-preview:-1\" \/>\n<link rel=\"canonical\" href=\"https:\/\/ash4soil.agr.hr\/index.php\/en\/operational-group\/\" \/>\n<meta property=\"og:locale\" content=\"hr_HR\" \/>\n<meta property=\"og:type\" content=\"article\" \/>\n<meta property=\"og:title\" content=\"OPERATIONAL GROUP - Ash4soiL\" \/>\n<meta property=\"og:description\" content=\"ash4soil operational group gabrijel ondra\u0161ek faculty of agriculture department of soil amelioration bioash waste\" \/>\n<meta property=\"og:url\" content=\"https:\/\/ash4soil.agr.hr\/index.php\/en\/operational-group\/\" \/>\n<meta property=\"og:site_name\" content=\"Ash4soiL\" \/>\n<meta property=\"article:modified_time\" content=\"2022-12-21T14:08:10+00:00\" \/>\n<meta name=\"twitter:card\" content=\"summary_large_image\" \/>\n<meta name=\"twitter:label1\" content=\"Procijenjeno vrijeme \u010ditanja\" \/>\n\t<meta name=\"twitter:data1\" content=\"1 minuta\" \/>\n<script type=\"application\/ld+json\" class=\"yoast-schema-graph\">{\"@context\":\"https:\\\/\\\/schema.org\",\"@graph\":[{\"@type\":\"WebPage\",\"@id\":\"https:\\\/\\\/ash4soil.agr.hr\\\/index.php\\\/en\\\/operational-group\\\/\",\"url\":\"https:\\\/\\\/ash4soil.agr.hr\\\/index.php\\\/en\\\/operational-group\\\/\",\"name\":\"OPERATIONAL GROUP - Ash4soiL\",\"isPartOf\":{\"@id\":\"https:\\\/\\\/ash4soil.agr.hr\\\/#website\"},\"datePublished\":\"2022-12-16T10:01:31+00:00\",\"dateModified\":\"2022-12-21T14:08:10+00:00\",\"description\":\"ash4soil operational group gabrijel ondra\u0161ek faculty of agriculture department of soil amelioration bioash waste\",\"breadcrumb\":{\"@id\":\"https:\\\/\\\/ash4soil.agr.hr\\\/index.php\\\/en\\\/operational-group\\\/#breadcrumb\"},\"inLanguage\":\"hr\",\"potentialAction\":[{\"@type\":\"ReadAction\",\"target\":[\"https:\\\/\\\/ash4soil.agr.hr\\\/index.php\\\/en\\\/operational-group\\\/\"]}]},{\"@type\":\"BreadcrumbList\",\"@id\":\"https:\\\/\\\/ash4soil.agr.hr\\\/index.php\\\/en\\\/operational-group\\\/#breadcrumb\",\"itemListElement\":[{\"@type\":\"ListItem\",\"position\":1,\"name\":\"Po\u010detna stranica\",\"item\":\"https:\\\/\\\/ash4soil.agr.hr\\\/\"},{\"@type\":\"ListItem\",\"position\":2,\"name\":\"OPERATIONAL GROUP\"}]},{\"@type\":\"WebSite\",\"@id\":\"https:\\\/\\\/ash4soil.agr.hr\\\/#website\",\"url\":\"https:\\\/\\\/ash4soil.agr.hr\\\/\",\"name\":\"Ash4soiL\",\"description\":\"Primjena pepela biomase radi unaprje\u0111enja poljoprivredne proizvodnje i plodnosti tala\",\"publisher\":{\"@id\":\"https:\\\/\\\/ash4soil.agr.hr\\\/#organization\"},\"potentialAction\":[{\"@type\":\"SearchAction\",\"target\":{\"@type\":\"EntryPoint\",\"urlTemplate\":\"https:\\\/\\\/ash4soil.agr.hr\\\/?s={search_term_string}\"},\"query-input\":{\"@type\":\"PropertyValueSpecification\",\"valueRequired\":true,\"valueName\":\"search_term_string\"}}],\"inLanguage\":\"hr\"},{\"@type\":\"Organization\",\"@id\":\"https:\\\/\\\/ash4soil.agr.hr\\\/#organization\",\"name\":\"Ash4soiL\",\"url\":\"https:\\\/\\\/ash4soil.agr.hr\\\/\",\"logo\":{\"@type\":\"ImageObject\",\"inLanguage\":\"hr\",\"@id\":\"https:\\\/\\\/ash4soil.agr.hr\\\/#\\\/schema\\\/logo\\\/image\\\/\",\"url\":\"https:\\\/\\\/ash4soil.agr.hr\\\/wordpress\\\/wp-content\\\/uploads\\\/2022\\\/12\\\/cropped-Program-ruralnog-razvoja-i-logo-1.jpg\",\"contentUrl\":\"https:\\\/\\\/ash4soil.agr.hr\\\/wordpress\\\/wp-content\\\/uploads\\\/2022\\\/12\\\/cropped-Program-ruralnog-razvoja-i-logo-1.jpg\",\"width\":623,\"height\":210,\"caption\":\"Ash4soiL\"},\"image\":{\"@id\":\"https:\\\/\\\/ash4soil.agr.hr\\\/#\\\/schema\\\/logo\\\/image\\\/\"}}]}<\/script>\n<!-- \/ Yoast SEO plugin. -->","yoast_head_json":{"title":"OPERATIONAL GROUP - Ash4soiL","description":"ash4soil operational group gabrijel ondra\u0161ek faculty of agriculture department of soil amelioration bioash waste","robots":{"index":"index","follow":"follow","max-snippet":"max-snippet:-1","max-image-preview":"max-image-preview:large","max-video-preview":"max-video-preview:-1"},"canonical":"https:\/\/ash4soil.agr.hr\/index.php\/en\/operational-group\/","og_locale":"hr_HR","og_type":"article","og_title":"OPERATIONAL GROUP - Ash4soiL","og_description":"ash4soil operational group gabrijel ondra\u0161ek faculty of agriculture department of soil amelioration bioash waste","og_url":"https:\/\/ash4soil.agr.hr\/index.php\/en\/operational-group\/","og_site_name":"Ash4soiL","article_modified_time":"2022-12-21T14:08:10+00:00","twitter_card":"summary_large_image","twitter_misc":{"Procijenjeno vrijeme \u010ditanja":"1 minuta"},"schema":{"@context":"https:\/\/schema.org","@graph":[{"@type":"WebPage","@id":"https:\/\/ash4soil.agr.hr\/index.php\/en\/operational-group\/","url":"https:\/\/ash4soil.agr.hr\/index.php\/en\/operational-group\/","name":"OPERATIONAL GROUP - Ash4soiL","isPartOf":{"@id":"https:\/\/ash4soil.agr.hr\/#website"},"datePublished":"2022-12-16T10:01:31+00:00","dateModified":"2022-12-21T14:08:10+00:00","description":"ash4soil operational group gabrijel ondra\u0161ek faculty of agriculture department of soil amelioration bioash waste","breadcrumb":{"@id":"https:\/\/ash4soil.agr.hr\/index.php\/en\/operational-group\/#breadcrumb"},"inLanguage":"hr","potentialAction":[{"@type":"ReadAction","target":["https:\/\/ash4soil.agr.hr\/index.php\/en\/operational-group\/"]}]},{"@type":"BreadcrumbList","@id":"https:\/\/ash4soil.agr.hr\/index.php\/en\/operational-group\/#breadcrumb","itemListElement":[{"@type":"ListItem","position":1,"name":"Po\u010detna stranica","item":"https:\/\/ash4soil.agr.hr\/"},{"@type":"ListItem","position":2,"name":"OPERATIONAL GROUP"}]},{"@type":"WebSite","@id":"https:\/\/ash4soil.agr.hr\/#website","url":"https:\/\/ash4soil.agr.hr\/","name":"Ash4soiL","description":"Primjena pepela biomase radi unaprje\u0111enja poljoprivredne proizvodnje i plodnosti tala","publisher":{"@id":"https:\/\/ash4soil.agr.hr\/#organization"},"potentialAction":[{"@type":"SearchAction","target":{"@type":"EntryPoint","urlTemplate":"https:\/\/ash4soil.agr.hr\/?s={search_term_string}"},"query-input":{"@type":"PropertyValueSpecification","valueRequired":true,"valueName":"search_term_string"}}],"inLanguage":"hr"},{"@type":"Organization","@id":"https:\/\/ash4soil.agr.hr\/#organization","name":"Ash4soiL","url":"https:\/\/ash4soil.agr.hr\/","logo":{"@type":"ImageObject","inLanguage":"hr","@id":"https:\/\/ash4soil.agr.hr\/#\/schema\/logo\/image\/","url":"https:\/\/ash4soil.agr.hr\/wordpress\/wp-content\/uploads\/2022\/12\/cropped-Program-ruralnog-razvoja-i-logo-1.jpg","contentUrl":"https:\/\/ash4soil.agr.hr\/wordpress\/wp-content\/uploads\/2022\/12\/cropped-Program-ruralnog-razvoja-i-logo-1.jpg","width":623,"height":210,"caption":"Ash4soiL"},"image":{"@id":"https:\/\/ash4soil.agr.hr\/#\/schema\/logo\/image\/"}}]}},"uagb_featured_image_src":{"full":false,"thumbnail":false,"medium":false,"medium_large":false,"large":false,"1536x1536":false,"2048x2048":false},"uagb_author_info":{"display_name":"ash4soil","author_link":"https:\/\/ash4soil.agr.hr\/index.php\/author\/ash4soil\/"},"uagb_comment_info":0,"uagb_excerpt":"Coordinator University of Zagreb Faculty of the Agriculture, Division of Agroecology: Department of the Soil Amelioration, Department of Plant Nutirtion, DPro\u010ditaj vi\u0161e","_links":{"self":[{"href":"https:\/\/ash4soil.agr.hr\/index.php\/wp-json\/wp\/v2\/pages\/797","targetHints":{"allow":["GET"]}}],"collection":[{"href":"https:\/\/ash4soil.agr.hr\/index.php\/wp-json\/wp\/v2\/pages"}],"about":[{"href":"https:\/\/ash4soil.agr.hr\/index.php\/wp-json\/wp\/v2\/types\/page"}],"author":[{"embeddable":true,"href":"https:\/\/ash4soil.agr.hr\/index.php\/wp-json\/wp\/v2\/users\/1"}],"replies":[{"embeddable":true,"href":"https:\/\/ash4soil.agr.hr\/index.php\/wp-json\/wp\/v2\/comments?post=797"}],"version-history":[{"count":2,"href":"https:\/\/ash4soil.agr.hr\/index.php\/wp-json\/wp\/v2\/pages\/797\/revisions"}],"predecessor-version":[{"id":1022,"href":"https:\/\/ash4soil.agr.hr\/index.php\/wp-json\/wp\/v2\/pages\/797\/revisions\/1022"}],"wp:attachment":[{"href":"https:\/\/ash4soil.agr.hr\/index.php\/wp-json\/wp\/v2\/media?parent=797"}],"curies":[{"name":"wp","href":"https:\/\/api.w.org\/{rel}","templated":true}]}}