{"id":26,"date":"2021-04-08T14:53:05","date_gmt":"2021-04-08T12:53:05","guid":{"rendered":"http:\/\/ash4soil.agr.hr\/?page_id=26"},"modified":"2022-12-08T15:01:22","modified_gmt":"2022-12-08T14:01:22","slug":"kontakt","status":"publish","type":"page","link":"https:\/\/ash4soil.agr.hr\/index.php\/kontakt\/","title":{"rendered":"KONTAKT"},"content":{"rendered":"\n<p class=\"wp-block-paragraph\"><strong><a href=\"https:\/\/www.agr.unizg.hr\/\" target=\"_blank\" rel=\"noreferrer noopener\">Sveu\u010dili\u0161te u Zagrebu Agronomski fakultet<\/a><\/strong><\/p>\n\n\n\n<ul class=\"wp-block-list\"><li>OIB: 76023745044<\/li><li>Adresa: Sveto\u0161imunska cesta 25, 10 000 Zagreb<\/li><li>Tel: +385 1 239 3777<\/li><li>Telefaks: +385 1 231 5300<\/li><li>Email:\u00a0<a href=\"mailto:dekanat@agr.hr\">dekanat@agr.hr<\/a><\/li><\/ul>\n\n\n\n<p class=\"wp-block-paragraph\"><strong><span style=\"text-decoration: underline;\">Projekt Ash4soiL<\/span><\/strong><\/p>\n\n\n\n<ul class=\"wp-block-list\"><li>Voditelj projekta &#8211; Prof. dr. sc. Gabrijel Ondra\u0161ek<\/li><li>E-mail: gondrasek@agr.hr<\/li><li>Tel: +385 1 239 3752<\/li><\/ul>\n\n\n\n<p class=\"wp-block-paragraph\"><\/p>\n\n\n\n<hr>\n\n\n\n<p class=\"wp-block-paragraph\">Za sve upite stojimo na raspolaganju:<\/p>\n\n\n<div class=\"wpforms-container wpforms-container-full wpforms-block\" id=\"wpforms-129\"><form id=\"wpforms-form-129\" class=\"wpforms-validate wpforms-form\" data-formid=\"129\" method=\"post\" enctype=\"multipart\/form-data\" action=\"\/index.php\/wp-json\/wp\/v2\/pages\/26\" data-token=\"e02f1f95f8fc0b14c971e71644463b80\" data-token-time=\"1778619321\"><noscript class=\"wpforms-error-noscript\">Please enable JavaScript in your browser to complete this form.<\/noscript><div class=\"wpforms-field-container\"><div id=\"wpforms-129-field_0-container\" class=\"wpforms-field wpforms-field-name\" data-field-id=\"0\"><label class=\"wpforms-field-label\" for=\"wpforms-129-field_0\">Ime i prezime <span class=\"wpforms-required-label\">*<\/span><\/label><input type=\"text\" id=\"wpforms-129-field_0\" class=\"wpforms-field-medium wpforms-field-required\" name=\"wpforms[fields][0]\" required><div class=\"wpforms-field-description\">Upi\u0161ite ime i prezime<\/div><\/div><div id=\"wpforms-129-field_1-container\" class=\"wpforms-field wpforms-field-email\" data-field-id=\"1\"><label class=\"wpforms-field-label\" for=\"wpforms-129-field_1\">E-mail <span class=\"wpforms-required-label\">*<\/span><\/label><input type=\"email\" id=\"wpforms-129-field_1\" class=\"wpforms-field-medium wpforms-field-required\" name=\"wpforms[fields][1]\" spellcheck=\"false\" required><div class=\"wpforms-field-description\">Upi\u0161ite svoju e-mail adresu<\/div><\/div><div id=\"wpforms-129-field_2-container\" class=\"wpforms-field wpforms-field-textarea\" data-field-id=\"2\"><label class=\"wpforms-field-label\" for=\"wpforms-129-field_2\">Komentar <span class=\"wpforms-required-label\">*<\/span><\/label><textarea id=\"wpforms-129-field_2\" class=\"wpforms-field-medium wpforms-field-required\" name=\"wpforms[fields][2]\" required><\/textarea><div class=\"wpforms-field-description\">Komentirajte<\/div><\/div><\/div><!-- .wpforms-field-container --><div class=\"wpforms-submit-container\" ><input type=\"hidden\" name=\"wpforms[id]\" value=\"129\"><input type=\"hidden\" name=\"page_title\" value=\"\"><input type=\"hidden\" name=\"page_url\" value=\"https:\/\/ash4soil.agr.hr\/index.php\/wp-json\/wp\/v2\/pages\/26\"><input type=\"hidden\" name=\"url_referer\" value=\"\"><button type=\"submit\" name=\"wpforms[submit]\" id=\"wpforms-submit-129\" class=\"wpforms-submit\" data-alt-text=\"\u0160alje se...\" data-submit-text=\"Podnesi\" aria-live=\"assertive\" value=\"wpforms-submit\">Podnesi<\/button><\/div><\/form><\/div>  <!-- .wpforms-container -->","protected":false},"excerpt":{"rendered":"<div class=\"slide-text-bg2\"><span>Sveu\u010dili\u0161te u Zagrebu Agronomski fakultet OIB: 76023745044 Adresa: Sveto\u0161imunska cesta 25, 10 000 Zagreb Tel: +385 1 239 3777 Telefaks: +385 1 231 5300 <\/span><\/div>\n<div class=\"slide-btn-area-sm\"><a href=\"https:\/\/ash4soil.agr.hr\/index.php\/kontakt\/\" class=\"slide-btn-sm\">Pro\u010ditaj vi\u0161e<\/a><\/div>\n","protected":false},"author":1,"featured_media":0,"parent":0,"menu_order":0,"comment_status":"closed","ping_status":"closed","template":"","meta":{"_crdt_document":"","_uag_custom_page_level_css":"","_mi_skip_tracking":false,"_monsterinsights_sitenote_active":false,"_monsterinsights_sitenote_note":"","_monsterinsights_sitenote_category":0,"footnotes":""},"class_list":["post-26","page","type-page","status-publish","hentry"],"yoast_head":"<!-- This site is optimized with the Yoast SEO plugin v27.6 - https:\/\/yoast.com\/product\/yoast-seo-wordpress\/ -->\n<title>KONTAKT - Ash4soiL<\/title>\n<meta name=\"description\" content=\"Ash4soil Gabrijel Ondra\u0161ek biopepeo unapre\u0111enje poljoprivredne proizvodnje pepeo od biomase\" \/>\n<meta name=\"robots\" content=\"index, follow, max-snippet:-1, max-image-preview:large, max-video-preview:-1\" \/>\n<link rel=\"canonical\" href=\"https:\/\/ash4soil.agr.hr\/index.php\/kontakt\/\" \/>\n<meta property=\"og:locale\" content=\"hr_HR\" \/>\n<meta property=\"og:type\" content=\"article\" \/>\n<meta property=\"og:title\" content=\"KONTAKT - Ash4soiL\" \/>\n<meta property=\"og:description\" content=\"Ash4soil Gabrijel Ondra\u0161ek biopepeo unapre\u0111enje poljoprivredne proizvodnje pepeo od biomase\" \/>\n<meta property=\"og:url\" content=\"https:\/\/ash4soil.agr.hr\/index.php\/kontakt\/\" \/>\n<meta property=\"og:site_name\" content=\"Ash4soiL\" \/>\n<meta property=\"article:modified_time\" content=\"2022-12-08T14:01:22+00:00\" \/>\n<meta name=\"twitter:card\" content=\"summary_large_image\" \/>\n<meta name=\"twitter:label1\" content=\"Procijenjeno vrijeme \u010ditanja\" \/>\n\t<meta name=\"twitter:data1\" content=\"1 minuta\" \/>\n<script type=\"application\/ld+json\" class=\"yoast-schema-graph\">{\"@context\":\"https:\\\/\\\/schema.org\",\"@graph\":[{\"@type\":\"WebPage\",\"@id\":\"https:\\\/\\\/ash4soil.agr.hr\\\/index.php\\\/kontakt\\\/\",\"url\":\"https:\\\/\\\/ash4soil.agr.hr\\\/index.php\\\/kontakt\\\/\",\"name\":\"KONTAKT - Ash4soiL\",\"isPartOf\":{\"@id\":\"https:\\\/\\\/ash4soil.agr.hr\\\/#website\"},\"datePublished\":\"2021-04-08T12:53:05+00:00\",\"dateModified\":\"2022-12-08T14:01:22+00:00\",\"description\":\"Ash4soil Gabrijel Ondra\u0161ek biopepeo unapre\u0111enje poljoprivredne proizvodnje pepeo od biomase\",\"breadcrumb\":{\"@id\":\"https:\\\/\\\/ash4soil.agr.hr\\\/index.php\\\/kontakt\\\/#breadcrumb\"},\"inLanguage\":\"hr\",\"potentialAction\":[{\"@type\":\"ReadAction\",\"target\":[\"https:\\\/\\\/ash4soil.agr.hr\\\/index.php\\\/kontakt\\\/\"]}]},{\"@type\":\"BreadcrumbList\",\"@id\":\"https:\\\/\\\/ash4soil.agr.hr\\\/index.php\\\/kontakt\\\/#breadcrumb\",\"itemListElement\":[{\"@type\":\"ListItem\",\"position\":1,\"name\":\"Po\u010detna stranica\",\"item\":\"https:\\\/\\\/ash4soil.agr.hr\\\/\"},{\"@type\":\"ListItem\",\"position\":2,\"name\":\"KONTAKT\"}]},{\"@type\":\"WebSite\",\"@id\":\"https:\\\/\\\/ash4soil.agr.hr\\\/#website\",\"url\":\"https:\\\/\\\/ash4soil.agr.hr\\\/\",\"name\":\"Ash4soiL\",\"description\":\"Primjena pepela biomase radi unaprje\u0111enja poljoprivredne proizvodnje i plodnosti tala\",\"publisher\":{\"@id\":\"https:\\\/\\\/ash4soil.agr.hr\\\/#organization\"},\"potentialAction\":[{\"@type\":\"SearchAction\",\"target\":{\"@type\":\"EntryPoint\",\"urlTemplate\":\"https:\\\/\\\/ash4soil.agr.hr\\\/?s={search_term_string}\"},\"query-input\":{\"@type\":\"PropertyValueSpecification\",\"valueRequired\":true,\"valueName\":\"search_term_string\"}}],\"inLanguage\":\"hr\"},{\"@type\":\"Organization\",\"@id\":\"https:\\\/\\\/ash4soil.agr.hr\\\/#organization\",\"name\":\"Ash4soiL\",\"url\":\"https:\\\/\\\/ash4soil.agr.hr\\\/\",\"logo\":{\"@type\":\"ImageObject\",\"inLanguage\":\"hr\",\"@id\":\"https:\\\/\\\/ash4soil.agr.hr\\\/#\\\/schema\\\/logo\\\/image\\\/\",\"url\":\"https:\\\/\\\/ash4soil.agr.hr\\\/wordpress\\\/wp-content\\\/uploads\\\/2022\\\/12\\\/cropped-Program-ruralnog-razvoja-i-logo-1.jpg\",\"contentUrl\":\"https:\\\/\\\/ash4soil.agr.hr\\\/wordpress\\\/wp-content\\\/uploads\\\/2022\\\/12\\\/cropped-Program-ruralnog-razvoja-i-logo-1.jpg\",\"width\":623,\"height\":210,\"caption\":\"Ash4soiL\"},\"image\":{\"@id\":\"https:\\\/\\\/ash4soil.agr.hr\\\/#\\\/schema\\\/logo\\\/image\\\/\"}}]}<\/script>\n<!-- \/ Yoast SEO plugin. -->","yoast_head_json":{"title":"KONTAKT - Ash4soiL","description":"Ash4soil Gabrijel Ondra\u0161ek biopepeo unapre\u0111enje poljoprivredne proizvodnje pepeo od biomase","robots":{"index":"index","follow":"follow","max-snippet":"max-snippet:-1","max-image-preview":"max-image-preview:large","max-video-preview":"max-video-preview:-1"},"canonical":"https:\/\/ash4soil.agr.hr\/index.php\/kontakt\/","og_locale":"hr_HR","og_type":"article","og_title":"KONTAKT - Ash4soiL","og_description":"Ash4soil Gabrijel Ondra\u0161ek biopepeo unapre\u0111enje poljoprivredne proizvodnje pepeo od biomase","og_url":"https:\/\/ash4soil.agr.hr\/index.php\/kontakt\/","og_site_name":"Ash4soiL","article_modified_time":"2022-12-08T14:01:22+00:00","twitter_card":"summary_large_image","twitter_misc":{"Procijenjeno vrijeme \u010ditanja":"1 minuta"},"schema":{"@context":"https:\/\/schema.org","@graph":[{"@type":"WebPage","@id":"https:\/\/ash4soil.agr.hr\/index.php\/kontakt\/","url":"https:\/\/ash4soil.agr.hr\/index.php\/kontakt\/","name":"KONTAKT - Ash4soiL","isPartOf":{"@id":"https:\/\/ash4soil.agr.hr\/#website"},"datePublished":"2021-04-08T12:53:05+00:00","dateModified":"2022-12-08T14:01:22+00:00","description":"Ash4soil Gabrijel Ondra\u0161ek biopepeo unapre\u0111enje poljoprivredne proizvodnje pepeo od biomase","breadcrumb":{"@id":"https:\/\/ash4soil.agr.hr\/index.php\/kontakt\/#breadcrumb"},"inLanguage":"hr","potentialAction":[{"@type":"ReadAction","target":["https:\/\/ash4soil.agr.hr\/index.php\/kontakt\/"]}]},{"@type":"BreadcrumbList","@id":"https:\/\/ash4soil.agr.hr\/index.php\/kontakt\/#breadcrumb","itemListElement":[{"@type":"ListItem","position":1,"name":"Po\u010detna stranica","item":"https:\/\/ash4soil.agr.hr\/"},{"@type":"ListItem","position":2,"name":"KONTAKT"}]},{"@type":"WebSite","@id":"https:\/\/ash4soil.agr.hr\/#website","url":"https:\/\/ash4soil.agr.hr\/","name":"Ash4soiL","description":"Primjena pepela biomase radi unaprje\u0111enja poljoprivredne proizvodnje i plodnosti tala","publisher":{"@id":"https:\/\/ash4soil.agr.hr\/#organization"},"potentialAction":[{"@type":"SearchAction","target":{"@type":"EntryPoint","urlTemplate":"https:\/\/ash4soil.agr.hr\/?s={search_term_string}"},"query-input":{"@type":"PropertyValueSpecification","valueRequired":true,"valueName":"search_term_string"}}],"inLanguage":"hr"},{"@type":"Organization","@id":"https:\/\/ash4soil.agr.hr\/#organization","name":"Ash4soiL","url":"https:\/\/ash4soil.agr.hr\/","logo":{"@type":"ImageObject","inLanguage":"hr","@id":"https:\/\/ash4soil.agr.hr\/#\/schema\/logo\/image\/","url":"https:\/\/ash4soil.agr.hr\/wordpress\/wp-content\/uploads\/2022\/12\/cropped-Program-ruralnog-razvoja-i-logo-1.jpg","contentUrl":"https:\/\/ash4soil.agr.hr\/wordpress\/wp-content\/uploads\/2022\/12\/cropped-Program-ruralnog-razvoja-i-logo-1.jpg","width":623,"height":210,"caption":"Ash4soiL"},"image":{"@id":"https:\/\/ash4soil.agr.hr\/#\/schema\/logo\/image\/"}}]}},"uagb_featured_image_src":{"full":false,"thumbnail":false,"medium":false,"medium_large":false,"large":false,"1536x1536":false,"2048x2048":false},"uagb_author_info":{"display_name":"ash4soil","author_link":"https:\/\/ash4soil.agr.hr\/index.php\/author\/ash4soil\/"},"uagb_comment_info":0,"uagb_excerpt":"Sveu\u010dili\u0161te u Zagrebu Agronomski fakultet OIB: 76023745044 Adresa: Sveto\u0161imunska cesta 25, 10 000 Zagreb Tel: +385 1 239 3777 Telefaks: +385 1 231 5300 Pro\u010ditaj vi\u0161e","_links":{"self":[{"href":"https:\/\/ash4soil.agr.hr\/index.php\/wp-json\/wp\/v2\/pages\/26","targetHints":{"allow":["GET"]}}],"collection":[{"href":"https:\/\/ash4soil.agr.hr\/index.php\/wp-json\/wp\/v2\/pages"}],"about":[{"href":"https:\/\/ash4soil.agr.hr\/index.php\/wp-json\/wp\/v2\/types\/page"}],"author":[{"embeddable":true,"href":"https:\/\/ash4soil.agr.hr\/index.php\/wp-json\/wp\/v2\/users\/1"}],"replies":[{"embeddable":true,"href":"https:\/\/ash4soil.agr.hr\/index.php\/wp-json\/wp\/v2\/comments?post=26"}],"version-history":[{"count":15,"href":"https:\/\/ash4soil.agr.hr\/index.php\/wp-json\/wp\/v2\/pages\/26\/revisions"}],"predecessor-version":[{"id":621,"href":"https:\/\/ash4soil.agr.hr\/index.php\/wp-json\/wp\/v2\/pages\/26\/revisions\/621"}],"wp:attachment":[{"href":"https:\/\/ash4soil.agr.hr\/index.php\/wp-json\/wp\/v2\/media?parent=26"}],"curies":[{"name":"wp","href":"https:\/\/api.w.org\/{rel}","templated":true}]}}